{"id":850,"date":"2021-02-25T10:16:37","date_gmt":"2021-02-25T13:16:37","guid":{"rendered":"http:\/\/www.aizome.com.br\/site\/?page_id=850"},"modified":"2025-05-06T08:44:34","modified_gmt":"2025-05-06T11:44:34","slug":"trabalhe-conosco-2","status":"publish","type":"page","link":"https:\/\/www.aizome.com.br\/site\/trabalhe-conosco-2\/","title":{"rendered":"Trabalhe Conosco"},"content":{"rendered":"<table style=\"width:100%\">\n<tr>\n<td><div class=\"wpforms-container wpforms-container-full\" id=\"wpforms-736\"><form id=\"wpforms-form-736\" class=\"wpforms-validate wpforms-form\" data-formid=\"736\" method=\"post\" enctype=\"multipart\/form-data\" action=\"\/site\/wp-json\/wp\/v2\/pages\/850\" data-token=\"15a387427c6a39250bbd73ea644f3bd1\" data-token-time=\"1778763383\"><noscript class=\"wpforms-error-noscript\">Ative o JavaScript no seu navegador para preencher este formul\u00e1rio.<\/noscript><div class=\"wpforms-field-container\"><div id=\"wpforms-736-field_0-container\" class=\"wpforms-field wpforms-field-name\" data-field-id=\"0\"><label class=\"wpforms-field-label\" for=\"wpforms-736-field_0\">Nome Completo <span class=\"wpforms-required-label\">*<\/span><\/label><input type=\"text\" id=\"wpforms-736-field_0\" class=\"wpforms-field-medium wpforms-field-required\" name=\"wpforms[fields][0]\" required><\/div><div id=\"wpforms-736-field_15-container\" class=\"wpforms-field wpforms-field-text\" data-field-id=\"15\"><label class=\"wpforms-field-label\" for=\"wpforms-736-field_15\">Data de Nascimento  <span class=\"wpforms-required-label\">*<\/span><\/label><input type=\"text\" id=\"wpforms-736-field_15\" class=\"wpforms-field-small wpforms-field-required\" name=\"wpforms[fields][15]\" required><\/div><div id=\"wpforms-736-field_3-container\" class=\"wpforms-field wpforms-field-text\" data-field-id=\"3\"><label class=\"wpforms-field-label\" for=\"wpforms-736-field_3\">Celular <span class=\"wpforms-required-label\">*<\/span><\/label><input type=\"text\" id=\"wpforms-736-field_3\" class=\"wpforms-field-medium wpforms-field-required\" name=\"wpforms[fields][3]\" required><\/div><div id=\"wpforms-736-field_1-container\" class=\"wpforms-field wpforms-field-email\" data-field-id=\"1\"><label class=\"wpforms-field-label\" for=\"wpforms-736-field_1\">Email <span class=\"wpforms-required-label\">*<\/span><\/label><input type=\"email\" id=\"wpforms-736-field_1\" class=\"wpforms-field-medium wpforms-field-required\" name=\"wpforms[fields][1]\" spellcheck=\"false\" required><\/div><div id=\"wpforms-736-field_4-container\" class=\"wpforms-field wpforms-field-text\" data-field-id=\"4\"><label class=\"wpforms-field-label\" for=\"wpforms-736-field_4\">Endere\u00e7o<\/label><input type=\"text\" id=\"wpforms-736-field_4\" class=\"wpforms-field-medium\" name=\"wpforms[fields][4]\" ><\/div><div id=\"wpforms-736-field_5-container\" class=\"wpforms-field wpforms-field-text\" data-field-id=\"5\"><label class=\"wpforms-field-label\" for=\"wpforms-736-field_5\">Bairro<\/label><input type=\"text\" id=\"wpforms-736-field_5\" class=\"wpforms-field-medium\" name=\"wpforms[fields][5]\" ><\/div><div id=\"wpforms-736-field_7-container\" class=\"wpforms-field wpforms-field-text\" data-field-id=\"7\"><label class=\"wpforms-field-label\" for=\"wpforms-736-field_7\">Cidade<\/label><input type=\"text\" id=\"wpforms-736-field_7\" class=\"wpforms-field-medium\" name=\"wpforms[fields][7]\" ><\/div><div id=\"wpforms-736-field_8-container\" class=\"wpforms-field wpforms-field-text\" data-field-id=\"8\"><label class=\"wpforms-field-label\" for=\"wpforms-736-field_8\">CEP<\/label><input type=\"text\" id=\"wpforms-736-field_8\" class=\"wpforms-field-medium\" name=\"wpforms[fields][8]\" ><\/div><div id=\"wpforms-736-field_9-container\" class=\"wpforms-field wpforms-field-text\" data-field-id=\"9\"><label class=\"wpforms-field-label\" for=\"wpforms-736-field_9\">Tempo estimado do percurso da sua casa at\u00e9 a Av. Paulista <span class=\"wpforms-required-label\">*<\/span><\/label><input type=\"text\" id=\"wpforms-736-field_9\" class=\"wpforms-field-medium wpforms-field-required\" name=\"wpforms[fields][9]\" required><\/div><div id=\"wpforms-736-field_10-container\" class=\"wpforms-field wpforms-field-text\" data-field-id=\"10\"><label class=\"wpforms-field-label\" for=\"wpforms-736-field_10\">Objetivo<\/label><input type=\"text\" id=\"wpforms-736-field_10\" class=\"wpforms-field-medium\" name=\"wpforms[fields][10]\" ><\/div><div id=\"wpforms-736-field_2-container\" class=\"wpforms-field wpforms-field-textarea\" data-field-id=\"2\"><label class=\"wpforms-field-label\" for=\"wpforms-736-field_2\">Forma\u00e7\u00e3o acad\u00eamica <span class=\"wpforms-required-label\">*<\/span><\/label><textarea id=\"wpforms-736-field_2\" class=\"wpforms-field-medium wpforms-field-required\" name=\"wpforms[fields][2]\" required><\/textarea><\/div><div id=\"wpforms-736-field_12-container\" class=\"wpforms-field wpforms-field-textarea\" data-field-id=\"12\"><label class=\"wpforms-field-label\" for=\"wpforms-736-field_12\">Hist\u00f3rico profissional<\/label><textarea id=\"wpforms-736-field_12\" class=\"wpforms-field-medium\" name=\"wpforms[fields][12]\" ><\/textarea><\/div><div id=\"wpforms-736-field_13-container\" class=\"wpforms-field wpforms-field-textarea\" data-field-id=\"13\"><label class=\"wpforms-field-label\" for=\"wpforms-736-field_13\">Cursos<\/label><textarea id=\"wpforms-736-field_13\" class=\"wpforms-field-medium\" name=\"wpforms[fields][13]\" ><\/textarea><\/div><div id=\"wpforms-736-field_14-container\" class=\"wpforms-field wpforms-field-textarea\" data-field-id=\"14\"><label class=\"wpforms-field-label\" for=\"wpforms-736-field_14\">Idiomas<\/label><textarea id=\"wpforms-736-field_14\" class=\"wpforms-field-medium\" name=\"wpforms[fields][14]\" ><\/textarea><\/div><div id=\"wpforms-736-field_11-container\" class=\"wpforms-field wpforms-field-textarea\" data-field-id=\"11\"><label class=\"wpforms-field-label\" for=\"wpforms-736-field_11\">Observa\u00e7\u00f5es<\/label><textarea id=\"wpforms-736-field_11\" class=\"wpforms-field-medium\" name=\"wpforms[fields][11]\" ><\/textarea><\/div><div id=\"wpforms-736-field_16-container\" class=\"wpforms-field wpforms-field-email\" data-field-id=\"16\"><label class=\"wpforms-field-label\" for=\"wpforms-736-field_16\">E-mail <span class=\"wpforms-required-label\">*<\/span><\/label><input type=\"email\" id=\"wpforms-736-field_16\" class=\"wpforms-field-medium wpforms-field-required\" name=\"wpforms[fields][16]\" spellcheck=\"false\" required><\/div><\/div><!-- .wpforms-field-container --><div class=\"wpforms-field wpforms-field-hp\"><label for=\"wpforms-736-field-hp\" class=\"wpforms-field-label\">Email<\/label><input type=\"text\" name=\"wpforms[hp]\" id=\"wpforms-736-field-hp\" class=\"wpforms-field-medium\"><\/div><div class=\"wpforms-recaptcha-container wpforms-is-recaptcha wpforms-is-recaptcha-type-v2\" ><div class=\"g-recaptcha\" data-sitekey=\"6Lf2PyMaAAAAAMT-A6MbDoiS-1YhKefHOs9Acnty\"><\/div><input type=\"text\" name=\"g-recaptcha-hidden\" class=\"wpforms-recaptcha-hidden\" style=\"position:absolute!important;clip:rect(0,0,0,0)!important;height:1px!important;width:1px!important;border:0!important;overflow:hidden!important;padding:0!important;margin:0!important;\" data-rule-recaptcha=\"1\"><\/div><div class=\"wpforms-submit-container\" ><input type=\"hidden\" name=\"wpforms[id]\" value=\"736\"><input type=\"hidden\" name=\"page_title\" value=\"\"><input type=\"hidden\" name=\"page_url\" value=\"https:\/\/www.aizome.com.br\/site\/wp-json\/wp\/v2\/pages\/850\"><button type=\"submit\" name=\"wpforms[submit]\" id=\"wpforms-submit-736\" class=\"wpforms-submit\" data-alt-text=\"Enviando....\" data-submit-text=\"Enviar\" aria-live=\"assertive\" value=\"wpforms-submit\">Enviar<\/button><\/div><\/form><\/div>  <!-- .wpforms-container --><\/td>\n<td><img loading=\"lazy\" decoding=\"async\" src=\"https:\/\/www.aizome.com.br\/wp-content\/uploads\/2021\/02\/white_block.png\" alt=\"\" width=\"40\" height=\"41\" class=\"aligncenter size-full wp-image-848\" \/><\/td>\n<td>\n<strong>UNIDADE JARDINS<\/strong><br \/>\nAlameda Fern\u00e3o Cardim, 39 - S\u00e3o Paulo - SP<br \/>\nTelefone (11)\u00a0<a href=\"tel:2222-1176\">2222-1176<\/a>\u00a0Ramal 1<\/p>\n<p><strong>UNIDADE JAPAN HOUSE<\/strong><br \/>\nAv. Paulista, 52 - S\u00e3o Paulo - SP<br \/>\nTelefone (11)\u00a0<a href=\"tel:2222-1176\">2222-1176<\/a>\u00a0Ramal 2<\/p>\n<p><strong>Email<\/strong>\u00a0<a href=\"mailto:rs@aizome.com.br\">rs@aizome.com.br<\/a><\/p>\n<\/td>\n<\/tr>\n<\/table>\n","protected":false},"excerpt":{"rendered":"<p>UNIDADE JARDINS Alameda Fern\u00e3o Cardim, 39 &#8211; S\u00e3o Paulo &#8211; SP Telefone (11)\u00a02222-1176\u00a0Ramal 1 UNIDADE JAPAN HOUSE Av. Paulista, 52 &#8211; S\u00e3o Paulo &#8211; SP Telefone (11)\u00a02222-1176\u00a0Ramal 2 Email\u00a0rs@aizome.com.br<\/p>\n","protected":false},"author":1,"featured_media":0,"parent":0,"menu_order":0,"comment_status":"closed","ping_status":"closed","template":"","meta":{"footnotes":""},"class_list":["post-850","page","type-page","status-publish","hentry"],"_links":{"self":[{"href":"https:\/\/www.aizome.com.br\/site\/wp-json\/wp\/v2\/pages\/850","targetHints":{"allow":["GET"]}}],"collection":[{"href":"https:\/\/www.aizome.com.br\/site\/wp-json\/wp\/v2\/pages"}],"about":[{"href":"https:\/\/www.aizome.com.br\/site\/wp-json\/wp\/v2\/types\/page"}],"author":[{"embeddable":true,"href":"https:\/\/www.aizome.com.br\/site\/wp-json\/wp\/v2\/users\/1"}],"replies":[{"embeddable":true,"href":"https:\/\/www.aizome.com.br\/site\/wp-json\/wp\/v2\/comments?post=850"}],"version-history":[{"count":4,"href":"https:\/\/www.aizome.com.br\/site\/wp-json\/wp\/v2\/pages\/850\/revisions"}],"predecessor-version":[{"id":932,"href":"https:\/\/www.aizome.com.br\/site\/wp-json\/wp\/v2\/pages\/850\/revisions\/932"}],"wp:attachment":[{"href":"https:\/\/www.aizome.com.br\/site\/wp-json\/wp\/v2\/media?parent=850"}],"curies":[{"name":"wp","href":"https:\/\/api.w.org\/{rel}","templated":true}]}}