{"id":840,"date":"2021-02-25T10:00:00","date_gmt":"2021-02-25T13:00:00","guid":{"rendered":"http:\/\/www.aizome.com.br\/site\/?page_id=840"},"modified":"2025-01-10T11:49:00","modified_gmt":"2025-01-10T14:49:00","slug":"contato2021","status":"publish","type":"page","link":"https:\/\/www.aizome.com.br\/site\/contato2021\/","title":{"rendered":"Contato"},"content":{"rendered":"<p>&nbsp;<\/p>\n<table style=\"width: 100%;\">\n<body><\/p>\n<tr>\n<td><div class=\"wpforms-container wpforms-container-full\" id=\"wpforms-634\"><form id=\"wpforms-form-634\" class=\"wpforms-validate wpforms-form\" data-formid=\"634\" method=\"post\" enctype=\"multipart\/form-data\" action=\"\/site\/wp-json\/wp\/v2\/pages\/840\" data-token=\"a87700f440870821470cfa5e472af048\" data-token-time=\"1777551990\"><noscript class=\"wpforms-error-noscript\">Ative o JavaScript no seu navegador para preencher este formul\u00e1rio.<\/noscript><div class=\"wpforms-field-container\"><div id=\"wpforms-634-field_0-container\" class=\"wpforms-field wpforms-field-name\" data-field-id=\"0\"><label class=\"wpforms-field-label\" for=\"wpforms-634-field_0\">Nome <span class=\"wpforms-required-label\">*<\/span><\/label><input type=\"text\" id=\"wpforms-634-field_0\" class=\"wpforms-field-medium wpforms-field-required\" name=\"wpforms[fields][0]\" required><\/div><div id=\"wpforms-634-field_3-container\" class=\"wpforms-field wpforms-field-text\" data-field-id=\"3\"><label class=\"wpforms-field-label\" for=\"wpforms-634-field_3\">Telefone<\/label><input type=\"text\" id=\"wpforms-634-field_3\" class=\"wpforms-field-medium\" name=\"wpforms[fields][3]\" ><\/div><div id=\"wpforms-634-field_1-container\" class=\"wpforms-field wpforms-field-email\" data-field-id=\"1\"><label class=\"wpforms-field-label\" for=\"wpforms-634-field_1\">Email <span class=\"wpforms-required-label\">*<\/span><\/label><input type=\"email\" id=\"wpforms-634-field_1\" class=\"wpforms-field-medium wpforms-field-required\" name=\"wpforms[fields][1]\" spellcheck=\"false\" required><\/div><div id=\"wpforms-634-field_2-container\" class=\"wpforms-field wpforms-field-textarea\" data-field-id=\"2\"><label class=\"wpforms-field-label\" for=\"wpforms-634-field_2\">Mensagem <span class=\"wpforms-required-label\">*<\/span><\/label><textarea id=\"wpforms-634-field_2\" class=\"wpforms-field-medium wpforms-field-required\" name=\"wpforms[fields][2]\" required><\/textarea><\/div><\/div><!-- .wpforms-field-container --><div class=\"wpforms-field wpforms-field-hp\"><label for=\"wpforms-634-field-hp\" class=\"wpforms-field-label\">Comment<\/label><input type=\"text\" name=\"wpforms[hp]\" id=\"wpforms-634-field-hp\" class=\"wpforms-field-medium\"><\/div><div class=\"wpforms-recaptcha-container wpforms-is-recaptcha wpforms-is-recaptcha-type-v2\" ><div class=\"g-recaptcha\" data-sitekey=\"6Lf2PyMaAAAAAMT-A6MbDoiS-1YhKefHOs9Acnty\"><\/div><input type=\"text\" name=\"g-recaptcha-hidden\" class=\"wpforms-recaptcha-hidden\" style=\"position:absolute!important;clip:rect(0,0,0,0)!important;height:1px!important;width:1px!important;border:0!important;overflow:hidden!important;padding:0!important;margin:0!important;\" data-rule-recaptcha=\"1\"><\/div><div class=\"wpforms-submit-container\" ><input type=\"hidden\" name=\"wpforms[id]\" value=\"634\"><input type=\"hidden\" name=\"page_title\" value=\"\"><input type=\"hidden\" name=\"page_url\" value=\"https:\/\/www.aizome.com.br\/site\/wp-json\/wp\/v2\/pages\/840\"><button type=\"submit\" name=\"wpforms[submit]\" id=\"wpforms-submit-634\" class=\"wpforms-submit\" data-alt-text=\"Enviando....\" data-submit-text=\"Enviar\" aria-live=\"assertive\" value=\"wpforms-submit\">Enviar<\/button><\/div><\/form><\/div>  <!-- .wpforms-container --><\/td>\n<td><img loading=\"lazy\" decoding=\"async\" class=\"aligncenter size-full wp-image-848\" src=\"https:\/\/www.aizome.com.br\/wp-content\/uploads\/2021\/02\/white_block.png\" alt=\"\" width=\"40\" height=\"41\" \/><\/td>\n<td>DELIVERY<br \/>\nTelefone (11)\u00a0<a href=\"tel:2222-1176\">2222-1176<\/a><br \/>\nWhatsApp (11) 97247-3862<br \/>\nSegunda \u00e0 Quinta<br \/>\nAlmo\u00e7o: 11:00h \u00e0s 14:30h<br \/>\nSexta \u00e0 S\u00e1bado<br \/>\n11:00h \u00e0s 15:00h<br \/>\nJantar:<br \/>\nSegunda \u00e0 S\u00e1bado<br \/>\n18:00h as 22:00h<\/td>\n<p>UNIDADE JARDINS<br \/>\nAlameda Fern\u00e3o Cardim, 39 - S\u00e3o Paulo - SP<br \/>\nTelefone (11)\u00a0<a href=\"tel:2222-1176\">2222-1176<\/a> Ramal 1<br \/>\nWhatsApp (11) 97247-3862<br \/>\nEmail <a href=\"mailto:aizome@aizome.com.br\">aizome@aizome.com.br<\/a><br \/>\nSegunda \u00e0 S\u00e1bado:<br \/>\nAlmo\u00e7o: 11:30h \u00e0s 14:30h<br \/>\nJantar: 18:00h \u00e0s 22:00h<br \/>\nDomingo:<br \/>\nN\u00e3o abreUNIDADE JAPAN HOUSE*<br \/>\nAv. Paulista, 52 - S\u00e3o Paulo - SP<br \/>\nTelefone (11)\u00a0<a href=\"tel:2222-1176\">2222-1176<\/a>\u00a0Ramal 2<br \/>\nWhatsApp (11) 91296-4199<br \/>\nEmail <a href=\"mailto:jhaizome@aizome.com.br\">jhaizome@aizome.com.br<\/a><br \/>\nTer\u00e7a \u00e0 Domingo<br \/>\nAlmo\u00e7o: 11:30h \u00e0s 16:30h<\/p>\n<p>*Conv\u00eanio com o estacionamento Ultrapark<br \/>\nLocalizado na Av. Paulista, 52 - ao lado do Bradesco.<br \/>\nTem acesso direto ao museu Japan House SP<br \/>\nHor\u00e1rio de funcionamento do estacionamento:<br \/>\nde ter \u00e0 sab das 07:00 - 22:00<br \/>\nfechado aos domingos e feriados<br \/>\nDesconto v\u00e1lido para o per\u00edodo de 3h<br \/>\ncom o carimbo do restaurante<\/p>\n<p>Formas de Pagamento<br \/>\n<img loading=\"lazy\" decoding=\"async\" class=\"size-full wp-image-801 alignleft\" src=\"https:\/\/www.aizome.com.br\/wp-content\/uploads\/2020\/01\/cards.jpg\" alt=\"\" width=\"258\" height=\"49\" \/><\/td>\n<\/tr>\n<\/tbody>\n<\/table>\n","protected":false},"excerpt":{"rendered":"<p>&nbsp; DELIVERY Telefone (11)\u00a02222-1176 WhatsApp (11) 97247-3862 Segunda \u00e0 Quinta Almo\u00e7o: 11:00h \u00e0s 14:30h Sexta \u00e0 S\u00e1bado 11:00h \u00e0s 15:00h Jantar: Segunda \u00e0 S\u00e1bado 18:00h as 22:00h UNIDADE JARDINS Alameda Fern\u00e3o Cardim, 39 &#8211; S\u00e3o Paulo &#8211; SP Telefone (11)\u00a02222-1176 Ramal 1 WhatsApp (11) 97247-3862 Email aizome@aizome.com.br Segunda \u00e0 S\u00e1bado: Almo\u00e7o: 11:30h \u00e0s 14:30h Jantar: [&hellip;]<\/p>\n","protected":false},"author":1,"featured_media":0,"parent":0,"menu_order":0,"comment_status":"closed","ping_status":"closed","template":"","meta":{"footnotes":""},"class_list":["post-840","page","type-page","status-publish","hentry"],"_links":{"self":[{"href":"https:\/\/www.aizome.com.br\/site\/wp-json\/wp\/v2\/pages\/840","targetHints":{"allow":["GET"]}}],"collection":[{"href":"https:\/\/www.aizome.com.br\/site\/wp-json\/wp\/v2\/pages"}],"about":[{"href":"https:\/\/www.aizome.com.br\/site\/wp-json\/wp\/v2\/types\/page"}],"author":[{"embeddable":true,"href":"https:\/\/www.aizome.com.br\/site\/wp-json\/wp\/v2\/users\/1"}],"replies":[{"embeddable":true,"href":"https:\/\/www.aizome.com.br\/site\/wp-json\/wp\/v2\/comments?post=840"}],"version-history":[{"count":40,"href":"https:\/\/www.aizome.com.br\/site\/wp-json\/wp\/v2\/pages\/840\/revisions"}],"predecessor-version":[{"id":873,"href":"https:\/\/www.aizome.com.br\/site\/wp-json\/wp\/v2\/pages\/840\/revisions\/873"}],"wp:attachment":[{"href":"https:\/\/www.aizome.com.br\/site\/wp-json\/wp\/v2\/media?parent=840"}],"curies":[{"name":"wp","href":"https:\/\/api.w.org\/{rel}","templated":true}]}}