{"id":825,"date":"2020-10-27T14:10:26","date_gmt":"2020-10-27T17:10:26","guid":{"rendered":"http:\/\/www.aizome.com.br\/site\/?page_id=825"},"modified":"2022-01-28T14:26:26","modified_gmt":"2022-01-28T17:26:26","slug":"reserva-aizome-jardins","status":"publish","type":"page","link":"https:\/\/www.aizome.com.br\/site\/reserva-aizome-jardins\/","title":{"rendered":"RESERVAS &#8211; AIZOM\u00ca"},"content":{"rendered":"<p>Fa\u00e7a sua reserva para as unidades:<\/p>\r\n\r\n<h2><strong><a href=\"https:\/\/go.tagme.com.br\/aizomejardins\" target=\"_blank\" rel=\"noreferrer noopener\">JARDINS<\/a><\/strong><\/h2>\r\n<h2>\r\n\r\n<\/h2>\r\n<h2><strong><a href=\"https:\/\/go.tagme.com.br\/aizomejapanhouse\" target=\"_blank\" rel=\"noreferrer noopener\" data-type=\"URL\" data-id=\"https:\/\/module.lafourchette.com\/pt_BR\/module\/521955-fef25\">JAPAN HOUSE<\/a><br \/><br \/><\/strong><\/h2>\r\n<p><strong>Japan House - Conv\u00eanio com o estacionamento Ultrapark<\/strong> <br \/>Localizado na Av. Paulista, 52 - ao lado do Bradesco.<br \/>Tem acesso direto ao museu Japan House SP<\/p>\r\n<p>Hor\u00e1rio de funcionamento do estacionamento:<br \/>de ter \u00e0 sab das 07:00 - 22:00<br \/>fechado aos domingos e feriados<\/p>\r\n<p>  Desconto v\u00e1lido para o per\u00edodo de 3h com o carimbo do restaurante<\/p>\r\n","protected":false},"excerpt":{"rendered":"<p>Fa\u00e7a sua reserva para as unidades: JARDINS JAPAN HOUSE Japan House &#8211; Conv\u00eanio com o estacionamento Ultrapark Localizado na Av. Paulista, 52 &#8211; ao lado do Bradesco.Tem acesso direto ao museu Japan House SP Hor\u00e1rio de funcionamento do estacionamento:de ter \u00e0 sab das 07:00 &#8211; 22:00fechado aos domingos e feriados Desconto v\u00e1lido para o per\u00edodo [&hellip;]<\/p>\n","protected":false},"author":1,"featured_media":0,"parent":0,"menu_order":0,"comment_status":"closed","ping_status":"closed","template":"","meta":{"footnotes":""},"class_list":["post-825","page","type-page","status-publish","hentry"],"_links":{"self":[{"href":"https:\/\/www.aizome.com.br\/site\/wp-json\/wp\/v2\/pages\/825","targetHints":{"allow":["GET"]}}],"collection":[{"href":"https:\/\/www.aizome.com.br\/site\/wp-json\/wp\/v2\/pages"}],"about":[{"href":"https:\/\/www.aizome.com.br\/site\/wp-json\/wp\/v2\/types\/page"}],"author":[{"embeddable":true,"href":"https:\/\/www.aizome.com.br\/site\/wp-json\/wp\/v2\/users\/1"}],"replies":[{"embeddable":true,"href":"https:\/\/www.aizome.com.br\/site\/wp-json\/wp\/v2\/comments?post=825"}],"version-history":[{"count":9,"href":"https:\/\/www.aizome.com.br\/site\/wp-json\/wp\/v2\/pages\/825\/revisions"}],"predecessor-version":[{"id":907,"href":"https:\/\/www.aizome.com.br\/site\/wp-json\/wp\/v2\/pages\/825\/revisions\/907"}],"wp:attachment":[{"href":"https:\/\/www.aizome.com.br\/site\/wp-json\/wp\/v2\/media?parent=825"}],"curies":[{"name":"wp","href":"https:\/\/api.w.org\/{rel}","templated":true}]}}